{"id":31,"date":"2023-02-04T11:58:39","date_gmt":"2023-02-04T11:58:39","guid":{"rendered":"https:\/\/gymgibox.teradisk.net\/?page_id=31"},"modified":"2023-02-07T18:43:52","modified_gmt":"2023-02-07T18:43:52","slug":"horaris-i-tarifes-entrenaments-individuals","status":"publish","type":"page","link":"https:\/\/gymgibox.teradisk.net\/?page_id=31","title":{"rendered":"Entrenaments Individuals"},"content":{"rendered":"\n<figure class=\"wp-block-image alignwide size-large\"><img decoding=\"async\" loading=\"lazy\" width=\"1024\" height=\"576\" src=\"https:\/\/gymgibox.teradisk.net\/wp-content\/uploads\/2023\/02\/3-1024x576.jpg\" alt=\"\" class=\"wp-image-32\" srcset=\"https:\/\/gymgibox.teradisk.net\/wp-content\/uploads\/2023\/02\/3-1024x576.jpg 1024w, https:\/\/gymgibox.teradisk.net\/wp-content\/uploads\/2023\/02\/3-300x169.jpg 300w, https:\/\/gymgibox.teradisk.net\/wp-content\/uploads\/2023\/02\/3-768x432.jpg 768w, https:\/\/gymgibox.teradisk.net\/wp-content\/uploads\/2023\/02\/3-1536x864.jpg 1536w, https:\/\/gymgibox.teradisk.net\/wp-content\/uploads\/2023\/02\/3.jpg 1920w\" sizes=\"(max-width: 1024px) 100vw, 1024px\" \/><\/figure>\n\n\n\n<div class=\"is-layout-flex wp-container-7 wp-block-columns alignwide\">\n<div class=\"is-layout-flow wp-elements-b66d50b8291ef25fa1c07c2f73061db8 wp-block-column has-light-green-cyan-background-color has-text-color has-background has-link-color\" style=\"color:#000000;padding-top:2em;padding-right:2em;padding-bottom:2em;padding-left:2em\">\n<h2 id=\"single\" style=\"font-size:40px\"><strong>Tarifes<\/strong><\/h2>\n\n\n\n<p style=\"font-size:30px;line-height:1.5\"><strong>1 dia\/setmana:  20 \u20ac<\/strong><\/p>\n\n\n\n<p style=\"font-size:30px;line-height:1.5\"><strong>2 dies\/setmana: 35 \u20ac<\/strong><\/p>\n\n\n\n<p style=\"font-size:30px;line-height:1.5\"><strong>3 dies\/setmana: 50 \u20ac<\/strong><\/p>\n\n\n\n<p style=\"font-size:30px;line-height:1.5\"><strong>4 dies\/setmana: 70 \u20ac<\/strong><\/p>\n\n\n\n<div class=\"is-horizontal is-content-justification-center is-layout-flex wp-container-1 wp-block-buttons alignfull\"><\/div>\n<\/div>\n\n\n\n<div class=\"is-layout-flow wp-elements-58b97309bd7a3818519df1efbcc0b717 wp-block-column has-text-color has-background has-link-color\" style=\"color:#000000;background-color:#d1d1e1;padding-top:2em;padding-right:2em;padding-bottom:2em;padding-left:2em\">\n<h2 id=\"family\" style=\"font-size:40px\"><strong>Descomptes<\/strong><\/h2>\n\n\n\n<p><\/p>\n\n\n\n<p style=\"font-size:36px;line-height:1.5\"><strong>10 % de descompte<\/strong><\/p>\n\n\n\n<p><\/p>\n\n\n\n<p style=\"font-size:35px;line-height:1.5\"><strong>Pagant trimestralment<\/strong><\/p>\n\n\n\n<div class=\"is-horizontal is-content-justification-center is-layout-flex wp-container-3 wp-block-buttons alignfull\"><\/div>\n<\/div>\n\n\n\n<div class=\"is-layout-flow wp-elements-bc93d66bf352a5ced4c9603f1930439c wp-block-column has-light-green-cyan-background-color has-text-color has-background has-link-color\" style=\"color:#000000;padding-top:2em;padding-right:2em;padding-bottom:2em;padding-left:2em\">\n<h2 id=\"patron\" style=\"font-size:40px\"><strong>Matr\u00edcula<\/strong><\/h2>\n\n\n\n<p><\/p>\n\n\n\n<p style=\"font-size:34px\"><strong>Matr\u00edcula: 40 <\/strong>\u20ac<\/p>\n\n\n\n<p><\/p>\n\n\n\n<p style=\"font-size:34px\"><strong>Nous usuaris: 50% de descompte<\/strong><\/p>\n\n\n\n<div class=\"is-horizontal is-content-justification-center is-layout-flex wp-container-5 wp-block-buttons alignfull\"><\/div>\n<\/div>\n<\/div>\n\n\n\n<p class=\"has-text-align-left has-large-font-size\">Si busques sessions d&#8217;entrenament m\u00e9s tranquiles, anant al teu ritme, o necessites moltes hores d&#8217;entrenament perqu\u00e8 et vols enfocar en volum, aquest \u00e9s el teu horari.<\/p>\n\n\n\n<p class=\"has-text-align-left\" style=\"font-size:25px\">Tindr\u00e0s fins a 2 o 3h per fer la teva rutina preparada per l&#8217;entrenador. Igual que en els grups, els teus entrenaments estaran planificats anualment segons les teves metes.&nbsp;<\/p>\n\n\n\n<p class=\"has-text-align-left\" style=\"font-size:25px\">L&#8217;entrenador sempre et far\u00e0 el seguiment i t&#8217;ensenyar\u00e0 a entrenar de la manera m\u00e9s eficient i saludable.<\/p>\n\n\n\n<p class=\"has-text-align-left\" style=\"font-size:25px\">Els preus tamb\u00e9 estan adaptats per tal que vinguis a entrenar molts dies!&nbsp;<\/p>\n","protected":false},"excerpt":{"rendered":"<p>Tarifes 1 dia\/setmana: 20 \u20ac 2 dies\/setmana: 35 \u20ac 3 dies\/setmana: 50 \u20ac 4 dies\/setmana: 70 \u20ac Descomptes 10 % de descompte Pagant trimestralment Matr\u00edcula Matr\u00edcula: 40 \u20ac Nous usuaris: [&hellip;]<\/p>\n","protected":false},"author":1,"featured_media":0,"parent":0,"menu_order":0,"comment_status":"closed","ping_status":"closed","template":"","meta":{"_EventAllDay":false,"_EventTimezone":"","_EventStartDate":"","_EventEndDate":"","_EventStartDateUTC":"","_EventEndDateUTC":"","_EventShowMap":false,"_EventShowMapLink":false,"_EventURL":"","_EventCost":"","_EventCostDescription":"","_EventCurrencySymbol":"","_EventCurrencyCode":"","_EventCurrencyPosition":"","_EventDateTimeSeparator":"","_EventTimeRangeSeparator":"","_EventOrganizerID":[],"_EventVenueID":0,"_OrganizerEmail":"","_OrganizerPhone":"","_OrganizerWebsite":"","_VenueAddress":"","_VenueCity":"","_VenueCountry":"","_VenueProvince":"","_VenueZip":"","_VenuePhone":"","_VenueURL":"","_VenueStateProvince":"","_VenueLat":"","_VenueLng":""},"_links":{"self":[{"href":"https:\/\/gymgibox.teradisk.net\/index.php?rest_route=\/wp\/v2\/pages\/31"}],"collection":[{"href":"https:\/\/gymgibox.teradisk.net\/index.php?rest_route=\/wp\/v2\/pages"}],"about":[{"href":"https:\/\/gymgibox.teradisk.net\/index.php?rest_route=\/wp\/v2\/types\/page"}],"author":[{"embeddable":true,"href":"https:\/\/gymgibox.teradisk.net\/index.php?rest_route=\/wp\/v2\/users\/1"}],"replies":[{"embeddable":true,"href":"https:\/\/gymgibox.teradisk.net\/index.php?rest_route=%2Fwp%2Fv2%2Fcomments&post=31"}],"version-history":[{"count":10,"href":"https:\/\/gymgibox.teradisk.net\/index.php?rest_route=\/wp\/v2\/pages\/31\/revisions"}],"predecessor-version":[{"id":161,"href":"https:\/\/gymgibox.teradisk.net\/index.php?rest_route=\/wp\/v2\/pages\/31\/revisions\/161"}],"wp:attachment":[{"href":"https:\/\/gymgibox.teradisk.net\/index.php?rest_route=%2Fwp%2Fv2%2Fmedia&parent=31"}],"curies":[{"name":"wp","href":"https:\/\/api.w.org\/{rel}","templated":true}]}}